{"id":53,"date":"2020-10-14T09:36:36","date_gmt":"2020-10-14T09:36:36","guid":{"rendered":"http:\/\/source.wpopal.com\/medilazar\/contact\/"},"modified":"2025-04-08T12:54:19","modified_gmt":"2025-04-08T10:54:19","slug":"contact","status":"publish","type":"page","link":"https:\/\/vitamin-guru.de\/?page_id=53","title":{"rendered":"Kontakt"},"content":{"rendered":"\t\t<div data-elementor-type=\"wp-page\" data-elementor-id=\"53\" class=\"elementor elementor-53\">\n\t\t\t\t\t\t<section class=\"elementor-section elementor-top-section elementor-element elementor-element-2b492ee elementor-section-height-min-height elementor-section-stretched elementor-section-boxed elementor-section-height-default elementor-section-items-middle\" data-id=\"2b492ee\" data-element_type=\"section\" data-settings=\"{&quot;stretch_section&quot;:&quot;section-stretched&quot;,&quot;background_background&quot;:&quot;classic&quot;}\">\n\t\t\t\t\t\t<div class=\"elementor-container elementor-column-gap-no\">\n\t\t\t\t\t<div class=\"elementor-column elementor-col-100 elementor-top-column elementor-element elementor-element-b7cacb2\" data-id=\"b7cacb2\" data-element_type=\"column\">\n\t\t\t<div class=\"elementor-widget-wrap elementor-element-populated\">\n\t\t\t\t\t\t<div class=\"elementor-element elementor-element-4cfc559 elementor-position-center elementor-position-below elementor-widget elementor-widget-heading\" data-id=\"4cfc559\" data-element_type=\"widget\" data-widget_type=\"heading.default\">\n\t\t\t\t<div class=\"elementor-widget-container\">\n\t\t\t\t\t<div class=\"elementor-heading-wrapper\" ><div class=\"elementor-heading-wrapper-inner\"><h1 class=\"elementor-heading-title elementor-size-default\">Wir sind da um zu helfen<\/h1><\/div><\/div>\t\t\t\t<\/div>\n\t\t\t\t<\/div>\n\t\t\t\t<div class=\"elementor-element elementor-element-666f022 elementor-widget__width-initial elementor-widget elementor-widget-text-editor\" data-id=\"666f022\" data-element_type=\"widget\" data-widget_type=\"text-editor.default\">\n\t\t\t\t<div class=\"elementor-widget-container\">\n\t\t\t\t\t        <div class=\"elementor-text-editor elementor-clearfix\"><p>Kontaktieren Sie uns, und wir melden uns schnellstm\u00f6glich bei Ihnen.<\/p><\/div>\n        \t\t\t\t<\/div>\n\t\t\t\t<\/div>\n\t\t\t\t\t<\/div>\n\t\t<\/div>\n\t\t\t\t\t<\/div>\n\t\t<\/section>\n\t\t\t\t<section class=\"elementor-section elementor-top-section elementor-element elementor-element-73a2f70 elementor-section-stretched elementor-section-boxed elementor-section-height-default elementor-section-height-default\" data-id=\"73a2f70\" data-element_type=\"section\" data-settings=\"{&quot;stretch_section&quot;:&quot;section-stretched&quot;,&quot;background_background&quot;:&quot;classic&quot;}\">\n\t\t\t\t\t\t<div class=\"elementor-container elementor-column-gap-no\">\n\t\t\t\t\t<div class=\"elementor-column elementor-col-100 elementor-top-column elementor-element elementor-element-c2921fc\" data-id=\"c2921fc\" data-element_type=\"column\">\n\t\t\t<div class=\"elementor-widget-wrap elementor-element-populated\">\n\t\t\t\t\t\t<div class=\"elementor-element elementor-element-0beed46 elementor-widget__width-initial elementor-widget elementor-widget-text-editor\" data-id=\"0beed46\" data-element_type=\"widget\" data-widget_type=\"text-editor.default\">\n\t\t\t\t<div class=\"elementor-widget-container\">\n\t\t\t\t\t        <div class=\"elementor-text-editor elementor-clearfix\"><p>F\u00fcr Support oder Versandfragen wenden Sie sich bitte mit Ihrer Kunden\/Bestellnummer bei uns.<\/p><h2>Kontakt<\/h2><p><strong>Hast du Fragen zu unseren Produkten oder Dienstleistungen?<\/strong><br \/>Wir helfen dir gerne weiter. Kontaktiere uns einfach auf dem f\u00fcr dich bequemsten Weg:<\/p><p><strong>1. Anschrift<\/strong><\/p><p data-start=\"0\" data-end=\"41\"><strong data-start=\"0\" data-end=\"13\">Impressum<\/strong><br data-start=\"13\" data-end=\"16\" \/><em data-start=\"16\" data-end=\"41\">(Angaben gem\u00e4\u00df \u00a7 5 TMG)<\/em><\/p><p>Anschrift:<\/p><p><b>Alvatrading sro, Pod Rapidem 2454\/10, Vinohrady (Praha 10), 100 00 Praha<\/b><\/p><p>I\u010cO (Identifikationsnummer): 21005117<br \/>DI\u010c (USt-IdNr.): CZ21005117<\/p><p><strong>2. E-Mail<\/strong><br \/>Info@vitamin-guru.de<\/p><hr \/><p>Wir freuen uns auf deine Anfrage und melden uns so schnell wie m\u00f6glich zur\u00fcck. Selbstverst\u00e4ndlich behandeln wir deine Angaben vertraulich und verwenden sie ausschlie\u00dflich f\u00fcr die Bearbeitung deiner Anfrage. Weitere Informationen zum Umgang mit deinen Daten findest du in unserer Datenschutzerkl\u00e4rung.<\/p><p>Herzlichen Dank f\u00fcr dein Interesse!<\/p><\/div>\n        \t\t\t\t<\/div>\n\t\t\t\t<\/div>\n\t\t\t\t<div class=\"elementor-element elementor-element-1072e5d elementor-position-left elementor-vertical-align-middle elementor-widget__width-initial elementor-widget-mobile__width-inherit elementor-view-default elementor-widget elementor-widget-icon-box\" data-id=\"1072e5d\" data-element_type=\"widget\" data-widget_type=\"icon-box.default\">\n\t\t\t\t<div class=\"elementor-widget-container\">\n\t\t\t\t\t        <div class=\"elementor-icon-box-wrapper\">\n                            <div class=\"elementor-icon-box-icon\">\n                    <span class=\"elementor-icon elementor-animation-\" >\n                        <i class=\"opal-icon-email\" aria-hidden=\"true\"><\/i>\n                    <\/span>\n                <\/div>\n                        <div class=\"elementor-icon-box-content\">\n                <div class=\"elementor-icon-header\">\n                                        <div class=\"elementor-icon-header-inner\">\n                        \n                        <h6 class=\"elementor-icon-box-title\">\n                            <span >\n                                EMAIL                            <\/span>\n                        <\/h6>\n                    <\/div>\n                <\/div>\n                                    <p class=\"elementor-icon-box-description\">info@vitamin-guru.de<\/p>\n                            <\/div>\n                    <\/div>\n\t\t\t\t\t\t<\/div>\n\t\t\t\t<\/div>\n\t\t\t\t\t<\/div>\n\t\t<\/div>\n\t\t\t\t\t<\/div>\n\t\t<\/section>\n\t\t\t\t<section class=\"elementor-section elementor-top-section elementor-element elementor-element-72c6ff3 elementor-section-stretched elementor-section-boxed elementor-section-height-default elementor-section-height-default\" data-id=\"72c6ff3\" data-element_type=\"section\" data-settings=\"{&quot;stretch_section&quot;:&quot;section-stretched&quot;,&quot;background_background&quot;:&quot;classic&quot;}\">\n\t\t\t\t\t\t<div class=\"elementor-container elementor-column-gap-no\">\n\t\t\t\t\t<div class=\"elementor-column elementor-col-100 elementor-top-column elementor-element elementor-element-4230721\" data-id=\"4230721\" data-element_type=\"column\">\n\t\t\t<div class=\"elementor-widget-wrap\">\n\t\t\t\t\t\t\t<\/div>\n\t\t<\/div>\n\t\t\t\t\t<\/div>\n\t\t<\/section>\n\t\t\t\t<\/div>\n\t\t","protected":false},"excerpt":{"rendered":"<p>Wir sind da um zu helfen Kontaktieren Sie uns, und wir melden uns schnellstm\u00f6glich bei Ihnen. F\u00fcr Support oder Versandfragen wenden Sie sich bitte mit Ihrer Kunden\/Bestellnummer bei uns. Kontakt Hast du Fragen zu unseren Produkten oder Dienstleistungen?Wir helfen dir gerne weiter. Kontaktiere uns einfach auf dem f\u00fcr dich bequemsten Weg: 1. Anschrift Impressum(Angaben gem\u00e4\u00df &hellip; <\/p>\n<p class=\"more-link-wrap\"><a href=\"https:\/\/vitamin-guru.de\/?page_id=53\" class=\"more-link\"><i class=\"opal-icon-plus\" aria-hidden=\"true\"><\/i><span>Read More<span class=\"screen-reader-text\"> &#8222;Kontakt&#8220;<\/span><\/span><\/a><\/p>\n","protected":false},"author":1,"featured_media":0,"parent":0,"menu_order":0,"comment_status":"closed","ping_status":"closed","template":"page-elementor.php","meta":{"inline_featured_image":false,"footnotes":""},"class_list":["post-53","page","type-page","status-publish","hentry"],"_links":{"self":[{"href":"https:\/\/vitamin-guru.de\/index.php?rest_route=\/wp\/v2\/pages\/53","targetHints":{"allow":["GET"]}}],"collection":[{"href":"https:\/\/vitamin-guru.de\/index.php?rest_route=\/wp\/v2\/pages"}],"about":[{"href":"https:\/\/vitamin-guru.de\/index.php?rest_route=\/wp\/v2\/types\/page"}],"author":[{"embeddable":true,"href":"https:\/\/vitamin-guru.de\/index.php?rest_route=\/wp\/v2\/users\/1"}],"replies":[{"embeddable":true,"href":"https:\/\/vitamin-guru.de\/index.php?rest_route=%2Fwp%2Fv2%2Fcomments&post=53"}],"version-history":[{"count":10,"href":"https:\/\/vitamin-guru.de\/index.php?rest_route=\/wp\/v2\/pages\/53\/revisions"}],"predecessor-version":[{"id":8512,"href":"https:\/\/vitamin-guru.de\/index.php?rest_route=\/wp\/v2\/pages\/53\/revisions\/8512"}],"wp:attachment":[{"href":"https:\/\/vitamin-guru.de\/index.php?rest_route=%2Fwp%2Fv2%2Fmedia&parent=53"}],"curies":[{"name":"wp","href":"https:\/\/api.w.org\/{rel}","templated":true}]}}